{"id":4847,"date":"2020-09-14T13:15:56","date_gmt":"2020-09-14T11:15:56","guid":{"rendered":"https:\/\/www.mairec.de\/mentions-legales\/"},"modified":"2022-10-12T17:31:38","modified_gmt":"2022-10-12T15:31:38","slug":"mentions-legales","status":"publish","type":"page","link":"https:\/\/dev2024.mairec.com\/fr\/mentions-legales\/","title":{"rendered":"Mentions l\u00e9gales"},"content":{"rendered":"\n<style type=\"text\/css\" data-created_by=\"avia_inline_auto\" id=\"style-css-av-1j3o-d135116251ac4be0fcf144c4e8fee953\">\n.avia-section.av-1j3o-d135116251ac4be0fcf144c4e8fee953{\nbackground-color:#ffffff;\nbackground-image:unset;\n}\n<\/style>\n<div id='av_section_1'  class='avia-section av-1j3o-d135116251ac4be0fcf144c4e8fee953 main_color avia-section-default avia-no-border-styling  avia-builder-el-0  el_before_av_section  avia-builder-el-first  black scrm_secall jhd_intro top text avia-bg-style-scroll container_wrap fullsize'  ><div class='container av-section-cont-open' ><main  role=\"main\" itemprop=\"mainContentOfPage\"  class='template-page content  av-content-full alpha units'><div class='post-entry post-entry-type-page post-entry-4847'><div class='entry-content-wrapper clearfix'>\n\n<style type=\"text\/css\" data-created_by=\"avia_inline_auto\" id=\"style-css-av-6d1m-5e70b4c398e00d939aa90fceb05eb449\">\n.flex_column.av-6d1m-5e70b4c398e00d939aa90fceb05eb449{\nborder-radius:0px 0px 0px 0px;\n-webkit-border-radius:0px 0px 0px 0px;\n-moz-border-radius:0px 0px 0px 0px;\n}\n<\/style>\n<div class='flex_column av-6d1m-5e70b4c398e00d939aa90fceb05eb449 av_one_full  avia-builder-el-1  avia-builder-el-no-sibling  scrm_colall jhd_txt single_header scrm_txt first flex_column_div av-zero-column-padding '   ><section  class='av_textblock_section av-31s0-0167b376f93d6f881cbb559307172c8d'  itemscope=\"itemscope\" itemtype=\"https:\/\/schema.org\/CreativeWork\" ><div class='avia_textblock invalid-custom-class-found jhd_center_'  itemprop=\"text\" ><h1>Mentions l\u00e9gales<\/h1>\n<\/div><\/section><br \/>\n<section  class='av_textblock_section av-31s0-17-382e9cc8a9e56b3ec19fef4be110d1c0'  itemscope=\"itemscope\" itemtype=\"https:\/\/schema.org\/CreativeWork\" ><div class='avia_textblock jhd_center_'  itemprop=\"text\" ><p>Responsable selon \u00a7 18 Abs.1 lit.2 MStV : Julia Maier (adresse comme ci-dessous)<\/p>\n<\/div><\/section><\/p><\/div>\n\n<\/div><\/div><\/main><!-- close content main element --><\/div><\/div>\n<style type=\"text\/css\" data-created_by=\"avia_inline_auto\" id=\"style-css-av-1j3o-18-be6e0979cc7ddea2956661bd1ee7e0b5\">\n.avia-section.av-1j3o-18-be6e0979cc7ddea2956661bd1ee7e0b5{\nbackground-color:#ffffff;\nbackground-image:unset;\n}\n<\/style>\n<div id='av_section_2'  class='avia-section av-1j3o-18-be6e0979cc7ddea2956661bd1ee7e0b5 main_color avia-section-small avia-no-border-styling  avia-builder-el-4  el_after_av_section  el_before_av_section  white scrm_secall jhd_intro bottom avia-bg-style-scroll container_wrap fullsize'  ><div class='container av-section-cont-open' ><div class='template-page content  av-content-full alpha units'><div class='post-entry post-entry-type-page post-entry-4847'><div class='entry-content-wrapper clearfix'>\n<div class='flex_column_table av-d914-ce68ea5a714aa833f8f80b9fc7c0a1cf sc-av_one_full av-equal-height-column-flextable'>\n<style type=\"text\/css\" data-created_by=\"avia_inline_auto\" id=\"style-css-av-d914-ce68ea5a714aa833f8f80b9fc7c0a1cf\">\n.flex_column.av-d914-ce68ea5a714aa833f8f80b9fc7c0a1cf{\nborder-radius:0px 0px 0px 0px;\n-webkit-border-radius:0px 0px 0px 0px;\n-moz-border-radius:0px 0px 0px 0px;\n}\n<\/style>\n<div class='flex_column av-d914-ce68ea5a714aa833f8f80b9fc7c0a1cf av_one_full  avia-builder-el-5  avia-builder-el-no-sibling  scrm_colall jhd_txt jhd_legalnotice scrm_txt first flex_column_table_cell av-equal-height-column av-align-top av-zero-column-padding '   ><section  class='av_textblock_section av-31s0-16-fdbd23bc9554842044c6d9a595259afe'  itemscope=\"itemscope\" itemtype=\"https:\/\/schema.org\/CreativeWork\" ><div class='avia_textblock'  itemprop=\"text\" ><p><strong>MAIREC <\/strong>Edelmetallgesellschaft mbH (MAIREC)<br \/>\nSiemensstra\u00dfe 20<br \/>\n63755 Alzenau \/ Germany<\/p>\n<p>T\u00e9l\u00e9phone : <a class=\"jh_ftel_\" href=\"tel:0049602391690\">+49 6023 9169-0<\/a><br \/>\nFax : +49 6023 9169-10<br \/>\nCourriel : <a class=\"jhd_fmail_\" href=\"&#109;&#x61;&#105;&#x6c;&#116;&#x6f;:&#x69;n&#x66;o&#64;&#x6d;&#97;&#x69;&#114;&#x65;&#99;&#x2e;c&#x6f;m\">&#x69;n&#x66;&#111;&#x40;&#x6d;a&#x69;&#114;&#x65;&#x63;&#46;&#x63;&#111;&#x6d;<\/a><\/p>\n<p>G\u00e9rants autoris\u00e9s : Julia Maier<br \/>\nSi\u00e8ge social de la soci\u00e9t\u00e9 : Alzenau<br \/>\nTribunal d&rsquo;instance \/ Registre du commerce : Tribunal d&rsquo;instance d&rsquo;Aschaffenburg<br \/>\nNum\u00e9ro d&rsquo;immatriculation : HRB 8818<\/p>\n<p>Num\u00e9ro d&rsquo;identification de la taxe sur le chiffre d&rsquo;affaires selon le \u00a7 27 a de la loi sur la taxe sur le chiffre d&rsquo;affaires : DE 813 792 618<br \/>\nResponsable selon \u00a7 18 Abs 2 MStV : Julia Maier (adresse comme ci-dessus)<\/p>\n<\/div><\/section><\/div><\/div><!--close column table wrapper. Autoclose: 1 --><\/div><\/div><\/div><!-- close content main div --><\/div><\/div>\n<style type=\"text\/css\" data-created_by=\"avia_inline_auto\" id=\"style-css-av-1j3o-15-6f59c4993a9a78c16dc9be6a67dc063a\">\n.avia-section.av-1j3o-15-6f59c4993a9a78c16dc9be6a67dc063a{\nbackground-color:#ffffff;\nbackground-image:unset;\n}\n<\/style>\n<div id='av_section_3'  class='avia-section av-1j3o-15-6f59c4993a9a78c16dc9be6a67dc063a main_color avia-section-small avia-no-border-styling  avia-builder-el-7  el_after_av_section  el_before_av_section  white scrm_secall jhd_intro bottom avia-bg-style-scroll container_wrap fullsize'  ><div class='container av-section-cont-open' ><div class='template-page content  av-content-full alpha units'><div class='post-entry post-entry-type-page post-entry-4847'><div class='entry-content-wrapper clearfix'>\n<div class='flex_column_table av-d914-14-eeb3d32dac4ab2c414950415abbd8b82 sc-av_one_full av-equal-height-column-flextable'>\n<style type=\"text\/css\" data-created_by=\"avia_inline_auto\" id=\"style-css-av-d914-14-eeb3d32dac4ab2c414950415abbd8b82\">\n.flex_column.av-d914-14-eeb3d32dac4ab2c414950415abbd8b82{\nborder-radius:0px 0px 0px 0px;\n-webkit-border-radius:0px 0px 0px 0px;\n-moz-border-radius:0px 0px 0px 0px;\n}\n<\/style>\n<div class='flex_column av-d914-14-eeb3d32dac4ab2c414950415abbd8b82 av_one_full  avia-builder-el-8  avia-builder-el-no-sibling  scrm_colall jhd_txt jhd_legalnotice scrm_txt first flex_column_table_cell av-equal-height-column av-align-top av-zero-column-padding '   ><section  class='av_textblock_section av-31s0-13-647ae547cd0d6213ec1b9fffde48d286'  itemscope=\"itemscope\" itemtype=\"https:\/\/schema.org\/CreativeWork\" ><div class='avia_textblock'  itemprop=\"text\" ><h4>Informations l\u00e9gales (Clause de non-responsabilit\u00e9)<\/h4>\n<p>Veuillez noter les informations l\u00e9gales importantes concernant le contenu et la disponibilit\u00e9 de ces pages Web, les droits d&rsquo;auteur et les liens externes.<\/p>\n<\/div><\/section><\/div><\/div><!--close column table wrapper. Autoclose: 1 -->\n<\/p>\n<\/div><\/div><\/div><!-- close content main div --><\/div><\/div>\n<style type=\"text\/css\" data-created_by=\"avia_inline_auto\" id=\"style-css-av-1j3o-12-c5bdcec5e5ade297bd9552893f2d5ff4\">\n.avia-section.av-1j3o-12-c5bdcec5e5ade297bd9552893f2d5ff4{\nbackground-color:#ffffff;\nbackground-image:unset;\n}\n<\/style>\n<div id='av_section_4'  class='avia-section av-1j3o-12-c5bdcec5e5ade297bd9552893f2d5ff4 main_color avia-section-small avia-no-border-styling  avia-builder-el-10  el_after_av_section  el_before_av_section  white scrm_secall jhd_intro top avia-bg-style-scroll container_wrap fullsize'  ><div class='container av-section-cont-open' ><div class='template-page content  av-content-full alpha units'><div class='post-entry post-entry-type-page post-entry-4847'><div class='entry-content-wrapper clearfix'>\n<div class='flex_column_table av-d914-11-f886346ebfe50f6cec5fc7f2da07ac7c sc-av_one_full av-equal-height-column-flextable'>\n<style type=\"text\/css\" data-created_by=\"avia_inline_auto\" id=\"style-css-av-d914-11-f886346ebfe50f6cec5fc7f2da07ac7c\">\n.flex_column.av-d914-11-f886346ebfe50f6cec5fc7f2da07ac7c{\nborder-radius:0px 0px 0px 0px;\n-webkit-border-radius:0px 0px 0px 0px;\n-moz-border-radius:0px 0px 0px 0px;\n}\n<\/style>\n<div class='flex_column av-d914-11-f886346ebfe50f6cec5fc7f2da07ac7c av_one_full  avia-builder-el-11  avia-builder-el-no-sibling  scrm_colall jhd_txt jhd_legalnotice scrm_txt first flex_column_table_cell av-equal-height-column av-align-top av-zero-column-padding '   ><section  class='av_textblock_section av-31s0-10-0e8fd511a2693d218e7b46d9be8117f9'  itemscope=\"itemscope\" itemtype=\"https:\/\/schema.org\/CreativeWork\" ><div class='avia_textblock'  itemprop=\"text\" ><h4>Contenu de ce site web<\/h4>\n<p>Les contenus de ce site Internet ont \u00e9t\u00e9 \u00e9labor\u00e9s avec le plus grand soin. Toutefois, Mairec n&rsquo;assume aucune responsabilit\u00e9 quant \u00e0 l&rsquo;exactitude, l&rsquo;exhaustivit\u00e9 et l&rsquo;actualit\u00e9 des contenus mis \u00e0 disposition<\/p>\n<\/div><\/section><\/div><\/div><!--close column table wrapper. Autoclose: 1 -->\n\n<\/div><\/div><\/div><!-- close content main div --><\/div><\/div>\n<style type=\"text\/css\" data-created_by=\"avia_inline_auto\" id=\"style-css-av-1j3o-9-bd3f63cce84fd6b4e266ed1b5a37026e\">\n.avia-section.av-1j3o-9-bd3f63cce84fd6b4e266ed1b5a37026e{\nbackground-color:#ffffff;\nbackground-image:unset;\n}\n<\/style>\n<div id='av_section_5'  class='avia-section av-1j3o-9-bd3f63cce84fd6b4e266ed1b5a37026e main_color avia-section-small avia-no-border-styling  avia-builder-el-13  el_after_av_section  el_before_av_section  white scrm_secall jhd_intro bottom avia-bg-style-scroll container_wrap fullsize'  ><div class='container av-section-cont-open' ><div class='template-page content  av-content-full alpha units'><div class='post-entry post-entry-type-page post-entry-4847'><div class='entry-content-wrapper clearfix'>\n<div class='flex_column_table av-d914-8-f873884f47199cfff8db7237f0ba89f7 sc-av_one_full av-equal-height-column-flextable'>\n<style type=\"text\/css\" data-created_by=\"avia_inline_auto\" id=\"style-css-av-d914-8-f873884f47199cfff8db7237f0ba89f7\">\n.flex_column.av-d914-8-f873884f47199cfff8db7237f0ba89f7{\nborder-radius:0px 0px 0px 0px;\n-webkit-border-radius:0px 0px 0px 0px;\n-moz-border-radius:0px 0px 0px 0px;\n}\n<\/style>\n<div class='flex_column av-d914-8-f873884f47199cfff8db7237f0ba89f7 av_one_full  avia-builder-el-14  avia-builder-el-no-sibling  scrm_colall jhd_txt jhd_legalnotice scrm_txt first flex_column_table_cell av-equal-height-column av-align-top av-zero-column-padding '   ><section  class='av_textblock_section av-31s0-7-90c1d8fe3dde91fab066d4f26b8e7ecc'  itemscope=\"itemscope\" itemtype=\"https:\/\/schema.org\/CreativeWork\" ><div class='avia_textblock'  itemprop=\"text\" ><h4>Disponibilit\u00e9 du site<\/h4>\n<p>Mairec s&rsquo;efforcera d&rsquo;offrir le service le plus ininterrompu possible. Cependant, m\u00eame avec le plus grand soin, des temps d&rsquo;arr\u00eat ne peuvent pas \u00eatre exclus. La soci\u00e9t\u00e9 se r\u00e9serve le droit de modifier ou d&rsquo;interrompre son offre \u00e0 tout moment. Nous d\u00e9clinons toute responsabilit\u00e9 pour les interruptions ou autres dysfonctionnements caus\u00e9s par des fichiers qui n&rsquo;ont pas \u00e9t\u00e9 cr\u00e9\u00e9s sans erreur ou des formats qui n&rsquo;ont pas \u00e9t\u00e9 structur\u00e9s sans erreur.<\/p>\n<\/div><\/section><\/div><\/div><!--close column table wrapper. Autoclose: 1 -->\n\n<\/div><\/div><\/div><!-- close content main div --><\/div><\/div>\n<style type=\"text\/css\" data-created_by=\"avia_inline_auto\" id=\"style-css-av-1j3o-6-fdf913d4a8a1d5f38ac8920bd90309e7\">\n.avia-section.av-1j3o-6-fdf913d4a8a1d5f38ac8920bd90309e7{\nbackground-color:#ffffff;\nbackground-image:unset;\n}\n<\/style>\n<div id='av_section_6'  class='avia-section av-1j3o-6-fdf913d4a8a1d5f38ac8920bd90309e7 main_color avia-section-small avia-no-border-styling  avia-builder-el-16  el_after_av_section  el_before_av_section  white scrm_secall jhd_intro bottom avia-bg-style-scroll container_wrap fullsize'  ><div class='container av-section-cont-open' ><div class='template-page content  av-content-full alpha units'><div class='post-entry post-entry-type-page post-entry-4847'><div class='entry-content-wrapper clearfix'>\n<div class='flex_column_table av-d914-5-bde146c7308daa9606c00e2865838238 sc-av_one_full av-equal-height-column-flextable'>\n<style type=\"text\/css\" data-created_by=\"avia_inline_auto\" id=\"style-css-av-d914-5-bde146c7308daa9606c00e2865838238\">\n.flex_column.av-d914-5-bde146c7308daa9606c00e2865838238{\nborder-radius:0px 0px 0px 0px;\n-webkit-border-radius:0px 0px 0px 0px;\n-moz-border-radius:0px 0px 0px 0px;\n}\n<\/style>\n<div class='flex_column av-d914-5-bde146c7308daa9606c00e2865838238 av_one_full  avia-builder-el-17  avia-builder-el-no-sibling  scrm_colall jhd_txt jhd_legalnotice scrm_txt first flex_column_table_cell av-equal-height-column av-align-top av-zero-column-padding '   ><section  class='av_textblock_section av-31s0-4-ace652bc34cef18b2d0c3420b2652c22'  itemscope=\"itemscope\" itemtype=\"https:\/\/schema.org\/CreativeWork\" ><div class='avia_textblock'  itemprop=\"text\" ><h4>Droit d&rsquo;auteur<\/h4>\n<p>Tous les contenus et structures de ce site Internet sont prot\u00e9g\u00e9s par le droit d&rsquo;auteur et les droits voisins. La publication sur le World Wide Web ou dans d&rsquo;autres services Internet ne constitue pas une d\u00e9claration de consentement pour toute autre utilisation par des tiers. Toute utilisation non autoris\u00e9e par le droit d&rsquo;auteur allemand n\u00e9cessite une autorisation \u00e9crite pr\u00e9alable.<\/p>\n<\/div><\/section><\/div><\/div><!--close column table wrapper. Autoclose: 1 -->\n\n<\/div><\/div><\/div><!-- close content main div --><\/div><\/div>\n<style type=\"text\/css\" data-created_by=\"avia_inline_auto\" id=\"style-css-av-1j3o-3-09c00ac17f71fefbac88497fcdcd244d\">\n.avia-section.av-1j3o-3-09c00ac17f71fefbac88497fcdcd244d{\nbackground-color:#ffffff;\nbackground-image:unset;\n}\n<\/style>\n<div id='av_section_7'  class='avia-section av-1j3o-3-09c00ac17f71fefbac88497fcdcd244d main_color avia-section-small avia-no-border-styling  avia-builder-el-19  el_after_av_section  avia-builder-el-last  white scrm_secall jhd_intro bottom avia-bg-style-scroll container_wrap fullsize'  ><div class='container av-section-cont-open' ><div class='template-page content  av-content-full alpha units'><div class='post-entry post-entry-type-page post-entry-4847'><div class='entry-content-wrapper clearfix'>\n<div class='flex_column_table av-d914-2-7a5ff5c77c1ba70669700eb004f2ac18 sc-av_one_full av-equal-height-column-flextable'>\n<style type=\"text\/css\" data-created_by=\"avia_inline_auto\" id=\"style-css-av-d914-2-7a5ff5c77c1ba70669700eb004f2ac18\">\n.flex_column.av-d914-2-7a5ff5c77c1ba70669700eb004f2ac18{\nborder-radius:0px 0px 0px 0px;\n-webkit-border-radius:0px 0px 0px 0px;\n-moz-border-radius:0px 0px 0px 0px;\n}\n<\/style>\n<div class='flex_column av-d914-2-7a5ff5c77c1ba70669700eb004f2ac18 av_one_full  avia-builder-el-20  avia-builder-el-no-sibling  scrm_colall jhd_txt jhd_legalnotice scrm_txt first flex_column_table_cell av-equal-height-column av-align-top av-zero-column-padding '   ><section  class='av_textblock_section av-31s0-1-dae3076841355d767fa5b1d19e641dba'  itemscope=\"itemscope\" itemtype=\"https:\/\/schema.org\/CreativeWork\" ><div class='avia_textblock'  itemprop=\"text\" ><h4>Note sur le probl\u00e8me des liens externes<\/h4>\n<p>MAIREC en tant que fournisseur de contenu selon \u00a7 7 Abs.1 Telemediengesetz est responsable du \u00a0\u00bb propre contenu \u00ab\u00a0, qui est fourni pour l&rsquo;utilisation, conform\u00e9ment aux lois g\u00e9n\u00e9rales.<\/p>\n<p>Les renvois &#8211; \u00a0\u00bb liens \u00a0\u00bb &#8211; \u00e0 des contenus fournis par d&rsquo;autres fournisseurs doivent \u00eatre distingu\u00e9s de ces propres contenus. MAIREC met \u00e0 disposition, par le biais des renvois, des \u00a0\u00bb contenus externes \u00a0\u00bb qui sont marqu\u00e9s de cette mani\u00e8re : Les liens\u00a0\u00bb\u00a0\u00bb\u00a0\u00bb sont toujours des r\u00e9f\u00e9rences \u00ab\u00a0vivantes\u00a0\u00bb (dynamiques). MAIREC a v\u00e9rifi\u00e9 les contenus externes pour une \u00e9ventuelle responsabilit\u00e9 civile ou p\u00e9nale au moment de l&rsquo;\u00e9tablissement du premier lien. Toutefois, la soci\u00e9t\u00e9 ne v\u00e9rifie pas en permanence le contenu auquel elle se r\u00e9f\u00e8re dans son offre pour les modifications qui pourraient donner lieu \u00e0 une nouvelle responsabilit\u00e9.<\/p>\n<p>Si MAIREC d\u00e9termine ou est inform\u00e9 par d&rsquo;autres qu&rsquo;une offre concr\u00e8te vers laquelle il a fourni un lien engage sa responsabilit\u00e9 civile ou p\u00e9nale, elle supprimera la r\u00e9f\u00e9rence \u00e0 cette offre.<\/p>\n<\/div><\/section><\/div><\/div><!--close column table wrapper. Autoclose: 1 -->\n\n","protected":false},"excerpt":{"rendered":"","protected":false},"author":1,"featured_media":0,"parent":0,"menu_order":401,"comment_status":"closed","ping_status":"closed","template":"","meta":{"footnotes":""},"class_list":["post-4847","page","type-page","status-publish","hentry"],"yoast_head":"<!-- This site is optimized with the Yoast SEO plugin v25.9 - https:\/\/yoast.com\/wordpress\/plugins\/seo\/ -->\n<title>MAIREC \u2013\u00a0Edelmetall Recycling \u2013\u00a0Mentions l\u00e9gales<\/title>\n<meta name=\"description\" content=\"NOUS RECYCLONS AUJOURD&#039;HUI POUR NOTRE MONDE DE DEMAIN. MAIREC se sp\u00e9cialise dans la r\u00e9cup\u00e9ration de m\u00e9taux pr\u00e9cieux \u00e0 partir de divers mat\u00e9riaux les contenant.\" \/>\n<meta name=\"robots\" content=\"noindex, nofollow\" \/>\n<meta property=\"og:locale\" content=\"fr_FR\" \/>\n<meta property=\"og:type\" content=\"article\" \/>\n<meta property=\"og:title\" content=\"MAIREC \u2013\u00a0Edelmetall Recycling \u2013\u00a0Mentions l\u00e9gales\" \/>\n<meta property=\"og:description\" content=\"NOUS RECYCLONS AUJOURD&#039;HUI POUR NOTRE MONDE DE DEMAIN. MAIREC se sp\u00e9cialise dans la r\u00e9cup\u00e9ration de m\u00e9taux pr\u00e9cieux \u00e0 partir de divers mat\u00e9riaux les contenant.\" \/>\n<meta property=\"og:url\" content=\"https:\/\/dev2024.mairec.com\/fr\/mentions-legales\/\" \/>\n<meta property=\"og:site_name\" content=\"MAIREC\" \/>\n<meta property=\"article:publisher\" content=\"https:\/\/www.facebook.com\/mairecmarketing\" \/>\n<meta property=\"article:modified_time\" content=\"2022-10-12T15:31:38+00:00\" \/>\n<meta name=\"twitter:card\" content=\"summary_large_image\" \/>\n<meta name=\"twitter:label1\" content=\"Dur\u00e9e de lecture estim\u00e9e\" \/>\n\t<meta name=\"twitter:data1\" content=\"11 minutes\" \/>\n<!-- \/ Yoast SEO plugin. -->","yoast_head_json":{"title":"MAIREC \u2013\u00a0Edelmetall Recycling \u2013\u00a0Mentions l\u00e9gales","description":"NOUS RECYCLONS AUJOURD'HUI POUR NOTRE MONDE DE DEMAIN. MAIREC se sp\u00e9cialise dans la r\u00e9cup\u00e9ration de m\u00e9taux pr\u00e9cieux \u00e0 partir de divers mat\u00e9riaux les contenant.","robots":{"index":"noindex","follow":"nofollow"},"og_locale":"fr_FR","og_type":"article","og_title":"MAIREC \u2013\u00a0Edelmetall Recycling \u2013\u00a0Mentions l\u00e9gales","og_description":"NOUS RECYCLONS AUJOURD'HUI POUR NOTRE MONDE DE DEMAIN. MAIREC se sp\u00e9cialise dans la r\u00e9cup\u00e9ration de m\u00e9taux pr\u00e9cieux \u00e0 partir de divers mat\u00e9riaux les contenant.","og_url":"https:\/\/dev2024.mairec.com\/fr\/mentions-legales\/","og_site_name":"MAIREC","article_publisher":"https:\/\/www.facebook.com\/mairecmarketing","article_modified_time":"2022-10-12T15:31:38+00:00","twitter_card":"summary_large_image","twitter_misc":{"Dur\u00e9e de lecture estim\u00e9e":"11 minutes"},"schema":{"@context":"https:\/\/schema.org","@graph":[{"@type":"WebPage","@id":"https:\/\/dev2024.mairec.com\/fr\/mentions-legales\/","url":"https:\/\/dev2024.mairec.com\/fr\/mentions-legales\/","name":"MAIREC \u2013\u00a0Edelmetall Recycling \u2013\u00a0Mentions l\u00e9gales","isPartOf":{"@id":"https:\/\/dev2024.mairec.com\/fr\/#website"},"datePublished":"2020-09-14T11:15:56+00:00","dateModified":"2022-10-12T15:31:38+00:00","description":"NOUS RECYCLONS AUJOURD'HUI POUR NOTRE MONDE DE DEMAIN. MAIREC se sp\u00e9cialise dans la r\u00e9cup\u00e9ration de m\u00e9taux pr\u00e9cieux \u00e0 partir de divers mat\u00e9riaux les contenant.","breadcrumb":{"@id":"https:\/\/dev2024.mairec.com\/fr\/mentions-legales\/#breadcrumb"},"inLanguage":"fr-FR","potentialAction":[{"@type":"ReadAction","target":["https:\/\/dev2024.mairec.com\/fr\/mentions-legales\/"]}]},{"@type":"BreadcrumbList","@id":"https:\/\/dev2024.mairec.com\/fr\/mentions-legales\/#breadcrumb","itemListElement":[{"@type":"ListItem","position":1,"name":"Startseite","item":"https:\/\/dev2024.mairec.com\/fr\/startseite-fr-20240521\/"},{"@type":"ListItem","position":2,"name":"Mentions l\u00e9gales"}]},{"@type":"WebSite","@id":"https:\/\/dev2024.mairec.com\/fr\/#website","url":"https:\/\/dev2024.mairec.com\/fr\/","name":"MAIREC","description":"Edelmetallrecycling","publisher":{"@id":"https:\/\/dev2024.mairec.com\/fr\/#organization"},"potentialAction":[{"@type":"SearchAction","target":{"@type":"EntryPoint","urlTemplate":"https:\/\/dev2024.mairec.com\/fr\/?s={search_term_string}"},"query-input":{"@type":"PropertyValueSpecification","valueRequired":true,"valueName":"search_term_string"}}],"inLanguage":"fr-FR"},{"@type":"Organization","@id":"https:\/\/dev2024.mairec.com\/fr\/#organization","name":"MAIREC","url":"https:\/\/dev2024.mairec.com\/fr\/","logo":{"@type":"ImageObject","inLanguage":"fr-FR","@id":"https:\/\/dev2024.mairec.com\/fr\/#\/schema\/logo\/image\/","url":"https:\/\/mairec.com\/wp-content\/uploads\/2018\/10\/mairec-edelmetall-precious-metals-recycling-logo-hf.png","contentUrl":"https:\/\/mairec.com\/wp-content\/uploads\/2018\/10\/mairec-edelmetall-precious-metals-recycling-logo-hf.png","width":1800,"height":587,"caption":"MAIREC"},"image":{"@id":"https:\/\/dev2024.mairec.com\/fr\/#\/schema\/logo\/image\/"},"sameAs":["https:\/\/www.facebook.com\/mairecmarketing","https:\/\/www.linkedin.com\/company\/mairec-edelmetallgesellschaft-mbh\/","https:\/\/www.xing.com\/companies\/mairecedelmetallgesellschaftmbh","https:\/\/www.instagram.com\/mairec.de\/","https:\/\/www.kununu.com\/de\/mairec"]}]}},"publishpress_future_action":{"enabled":false,"date":"2026-04-12 17:28:29","action":"change-status","newStatus":"draft","terms":[],"taxonomy":"translation_priority","extraData":[]},"publishpress_future_workflow_manual_trigger":{"enabledWorkflows":[]},"_links":{"self":[{"href":"https:\/\/dev2024.mairec.com\/fr\/wp-json\/wp\/v2\/pages\/4847","targetHints":{"allow":["GET"]}}],"collection":[{"href":"https:\/\/dev2024.mairec.com\/fr\/wp-json\/wp\/v2\/pages"}],"about":[{"href":"https:\/\/dev2024.mairec.com\/fr\/wp-json\/wp\/v2\/types\/page"}],"author":[{"embeddable":true,"href":"https:\/\/dev2024.mairec.com\/fr\/wp-json\/wp\/v2\/users\/1"}],"replies":[{"embeddable":true,"href":"https:\/\/dev2024.mairec.com\/fr\/wp-json\/wp\/v2\/comments?post=4847"}],"version-history":[{"count":0,"href":"https:\/\/dev2024.mairec.com\/fr\/wp-json\/wp\/v2\/pages\/4847\/revisions"}],"wp:attachment":[{"href":"https:\/\/dev2024.mairec.com\/fr\/wp-json\/wp\/v2\/media?parent=4847"}],"curies":[{"name":"wp","href":"https:\/\/api.w.org\/{rel}","templated":true}]}}